{"id":13,"date":"2024-02-16T22:49:17","date_gmt":"2024-02-16T22:49:17","guid":{"rendered":"https:\/\/weissesdinner.ch\/?page_id=13"},"modified":"2024-02-16T22:50:18","modified_gmt":"2024-02-16T22:50:18","slug":"verein","status":"publish","type":"page","link":"https:\/\/weissesdinner.ch\/?page_id=13","title":{"rendered":"VEREIN"},"content":{"rendered":"\n<p>DA UNSER EVENT NICHT KOMMERZIELL IST, WERDEN WIR AUF SICHTBARE SPONSOREN AM EVENT SO WEIT ALS M\u00d6GLICH VERZICHTEN. UM UNSEREN ANLASS JEDOCH FINANZIEREN ZU K\u00d6NNEN, SIND WIR AUF FINANZIELLE UNTERST\u00dcTZUNG IN FORM VON PRIVATEN G\u00d6NNERSCHAFTEN, SPONSORING VON ARBEITSAUFWAND UND SACHLEISTUNGEN SOWIE UNTERST\u00dcTZUNGSBEITR\u00c4GEN VON STIFTUNGEN ANGEWIESEN.<\/p>\n\n\n\n<p>M\u00d6CHTEST AUCH DU AM WEISSEN DINNER ST. GALLEN DABEI SEIN? UNTERST\u00dcTZE UNS ALS VEREINSMITGLIED ODER G\u00d6NNER AM EVENT UND SEI HAUTNAH MIT DABEI. WIR FREUEN UNS AUF DEINE KONTAKTAUFNAHME (<a href=\"mailto:info@weissesdinner.ch\">info@weissesdinner.ch<\/a>)<\/p>\n","protected":false},"excerpt":{"rendered":"<p>DA UNSER EVENT NICHT KOMMERZIELL IST, WERDEN WIR AUF SICHTBARE SPONSOREN AM EVENT SO WEIT ALS M\u00d6GLICH VERZICHTEN. UM UNSEREN ANLASS JEDOCH FINANZIEREN ZU K\u00d6NNEN, SIND WIR AUF FINANZIELLE UNTERST\u00dcTZUNG IN FORM VON PRIVATEN G\u00d6NNERSCHAFTEN, SPONSORING VON ARBEITSAUFWAND UND SACHLEISTUNGEN SOWIE UNTERST\u00dcTZUNGSBEITR\u00c4GEN VON STIFTUNGEN ANGEWIESEN. M\u00d6CHTEST AUCH DU AM WEISSEN DINNER ST. GALLEN DABEI SEIN? &hellip; <\/p>\n<p class=\"link-more\"><a href=\"https:\/\/weissesdinner.ch\/?page_id=13\" class=\"more-link\"><span class=\"screen-reader-text\">\u201eVEREIN\u201c<\/span> weiterlesen<\/a><\/p>\n","protected":false},"author":1,"featured_media":0,"parent":0,"menu_order":0,"comment_status":"closed","ping_status":"closed","template":"","meta":{"footnotes":""},"class_list":["post-13","page","type-page","status-publish","hentry"],"_links":{"self":[{"href":"https:\/\/weissesdinner.ch\/index.php?rest_route=\/wp\/v2\/pages\/13","targetHints":{"allow":["GET"]}}],"collection":[{"href":"https:\/\/weissesdinner.ch\/index.php?rest_route=\/wp\/v2\/pages"}],"about":[{"href":"https:\/\/weissesdinner.ch\/index.php?rest_route=\/wp\/v2\/types\/page"}],"author":[{"embeddable":true,"href":"https:\/\/weissesdinner.ch\/index.php?rest_route=\/wp\/v2\/users\/1"}],"replies":[{"embeddable":true,"href":"https:\/\/weissesdinner.ch\/index.php?rest_route=%2Fwp%2Fv2%2Fcomments&post=13"}],"version-history":[{"count":2,"href":"https:\/\/weissesdinner.ch\/index.php?rest_route=\/wp\/v2\/pages\/13\/revisions"}],"predecessor-version":[{"id":15,"href":"https:\/\/weissesdinner.ch\/index.php?rest_route=\/wp\/v2\/pages\/13\/revisions\/15"}],"wp:attachment":[{"href":"https:\/\/weissesdinner.ch\/index.php?rest_route=%2Fwp%2Fv2%2Fmedia&parent=13"}],"curies":[{"name":"wp","href":"https:\/\/api.w.org\/{rel}","templated":true}]}}